{"id":107,"date":"2009-11-02T20:13:38","date_gmt":"2009-11-02T20:13:38","guid":{"rendered":"http:\/\/www.kaineder.at\/wordpress\/?page_id=107"},"modified":"2026-02-09T07:04:56","modified_gmt":"2026-02-09T06:04:56","slug":"ganzkonkret","status":"publish","type":"page","link":"https:\/\/www.kaineder.at\/wordpress\/ganzkonkret\/","title":{"rendered":"ganz konkret"},"content":{"rendered":"<div id=\"attachment_11391\" style=\"width: 300px\" class=\"wp-caption aligncenter\"><a href=\"https:\/\/www.kaineder.at\/wordpress\/wp-content\/uploads\/2025\/04\/w41114-scaled.jpg\"><img loading=\"lazy\" decoding=\"async\" aria-describedby=\"caption-attachment-11391\" class=\"wp-image-11391 size-medium\" src=\"https:\/\/www.kaineder.at\/wordpress\/wp-content\/uploads\/2025\/04\/w41114-300x200.jpg\" alt=\"\" width=\"300\" height=\"200\" srcset=\"https:\/\/www.kaineder.at\/wordpress\/wp-content\/uploads\/2025\/04\/w41114-300x200.jpg 300w, https:\/\/www.kaineder.at\/wordpress\/wp-content\/uploads\/2025\/04\/w41114-1024x683.jpg 1024w, https:\/\/www.kaineder.at\/wordpress\/wp-content\/uploads\/2025\/04\/w41114-150x100.jpg 150w, https:\/\/www.kaineder.at\/wordpress\/wp-content\/uploads\/2025\/04\/w41114-768x512.jpg 768w, https:\/\/www.kaineder.at\/wordpress\/wp-content\/uploads\/2025\/04\/w41114-1536x1024.jpg 1536w, https:\/\/www.kaineder.at\/wordpress\/wp-content\/uploads\/2025\/04\/w41114-2048x1366.jpg 2048w, https:\/\/www.kaineder.at\/wordpress\/wp-content\/uploads\/2025\/04\/w41114-750x500.jpg 750w\" sizes=\"auto, (max-width: 300px) 100vw, 300px\" \/><\/a><p id=\"caption-attachment-11391\" class=\"wp-caption-text\">hermann wakolbinger<\/p><\/div>\n<h3>#SPIRIWALKS<\/h3>\n<p><em>Die Natur mit ihren vielen Pl\u00e4tzen und Pfaden spricht in der Bewegung den ganzen Menschen an. Der Mensch ist K\u00f6rper, Geist und Seele. Gehen \u00f6ffnet und n\u00e4hrt die Seele. Seine spirituelle Dimension geht auf, er\u00f6ffnet sich. Quellen der Kraft liegen am Weg. Die Natur mit ihren vielen Pl\u00e4tzen und Pfaden wird so zur Lehrmeisterin. Genauso die Stadt mit ihren Pl\u00e4tzen, Geb\u00e4uden und Winkeln. Es wird im Gehen gel\u00f6st.<\/em><\/p>\n<p><em><a href=\"https:\/\/www.kaineder.at\/wordpress\/wp-content\/uploads\/2022\/10\/muehlviertel_gehen.jpg\"><img loading=\"lazy\" decoding=\"async\" class=\"aligncenter size-medium wp-image-10756\" src=\"https:\/\/www.kaineder.at\/wordpress\/wp-content\/uploads\/2022\/10\/muehlviertel_gehen-300x225.jpg\" alt=\"\" width=\"300\" height=\"225\" srcset=\"https:\/\/www.kaineder.at\/wordpress\/wp-content\/uploads\/2022\/10\/muehlviertel_gehen-300x225.jpg 300w, https:\/\/www.kaineder.at\/wordpress\/wp-content\/uploads\/2022\/10\/muehlviertel_gehen-150x113.jpg 150w, https:\/\/www.kaineder.at\/wordpress\/wp-content\/uploads\/2022\/10\/muehlviertel_gehen-768x576.jpg 768w, https:\/\/www.kaineder.at\/wordpress\/wp-content\/uploads\/2022\/10\/muehlviertel_gehen-750x563.jpg 750w, https:\/\/www.kaineder.at\/wordpress\/wp-content\/uploads\/2022\/10\/muehlviertel_gehen.jpg 1000w\" sizes=\"auto, (max-width: 300px) 100vw, 300px\" \/><\/a><\/em><em>Beispiele sind der SPIRIWALK to Linz, in Salzburg, Wien oder dort, wo Sie das wollen. Das braucht mindestens einen Halbtag, besser einen ganzen Tag. Das \u00f6ffnet in besonderer Weise f\u00fcr Begegnung untereinander, f\u00fcr besonders gepr\u00e4gte Orte und l\u00e4sst Haltungen wachsen, die in eine tiefe Dankbarkeit und in einer hoffnungsvollen Zukunft m\u00fcnden. Wir gehen und lassen uns finden, ber\u00fchren, inspirieren. Solche Art von spirituellem Gehen gibt dem Leben eine besondere innere Tiefe und fr\u00f6hliche Weite. Dazu geh\u00f6rt: Gehen und gutes Essen, wenn m\u00f6glich Slow Food. Das alles ist irgendwie &#8222;Pilgern im Jetzt&#8220;.<\/em><\/p>\n<h3><strong>Kommunikative und synaptische Identit\u00e4t<\/strong><\/h3>\n<p><em>Anhand der<a href=\"https:\/\/www.kaineder.at\/wordpress\/wp-content\/uploads\/2020\/06\/20190707_Zehn_Kernfragen_Kommunikation_final_fk.pdf\" target=\"_blank\" rel=\"noopener noreferrer\"> zehn Kernfragen der Kommunikation <\/a>entsteht ein Bild, ein Zukunftsbild, ein Handlungsbild f\u00fcr eine konsistente Identit\u00e4t als Organisation und eine punktgenaue Kommunikation sowohl nach innen wie nach au\u00dfen, bis hin zu den\u00a0 Medien. In mehreren Organisatonen durfte ich so beitragen, Identit\u00e4t zu bilden und ein entsprechendes Kommunikationskonzept nachhaltig zu entwickeln.<br \/>\n<\/em>(Vortrag, Workshop, Beratung, Moderation)<\/p>\n<p><a href=\"https:\/\/www.kaineder.at\/wordpress\/wp-content\/uploads\/2025\/04\/8_ven.jpg\"><img loading=\"lazy\" decoding=\"async\" class=\"aligncenter size-medium wp-image-11390\" src=\"https:\/\/www.kaineder.at\/wordpress\/wp-content\/uploads\/2025\/04\/8_ven-300x225.jpg\" alt=\"\" width=\"300\" height=\"225\" srcset=\"https:\/\/www.kaineder.at\/wordpress\/wp-content\/uploads\/2025\/04\/8_ven-300x225.jpg 300w, https:\/\/www.kaineder.at\/wordpress\/wp-content\/uploads\/2025\/04\/8_ven-150x113.jpg 150w, https:\/\/www.kaineder.at\/wordpress\/wp-content\/uploads\/2025\/04\/8_ven-768x576.jpg 768w, https:\/\/www.kaineder.at\/wordpress\/wp-content\/uploads\/2025\/04\/8_ven-750x563.jpg 750w, https:\/\/www.kaineder.at\/wordpress\/wp-content\/uploads\/2025\/04\/8_ven.jpg 1000w\" sizes=\"auto, (max-width: 300px) 100vw, 300px\" \/><\/a>Hier meine <a href=\"https:\/\/www.kaineder.at\/wordpress\/kontakt-2\/\" target=\"_blank\" rel=\"noopener noreferrer\">Kontaktdaten<\/a>!<\/p>\n","protected":false},"excerpt":{"rendered":"<p>#SPIRIWALKS Die Natur mit ihren vielen Pl\u00e4tzen und Pfaden spricht in der Bewegung den ganzen Menschen an. Der Mensch ist K\u00f6rper, Geist und Seele. Gehen \u00f6ffnet und n\u00e4hrt die Seele. Seine spirituelle Dimension geht auf, er\u00f6ffnet sich. Quellen der Kraft liegen am Weg. Die Natur mit ihren vielen Pl\u00e4tzen und Pfaden wird so zur Lehrmeisterin. &hellip; <\/p>\n<p><a class=\"more-link btn\" href=\"https:\/\/www.kaineder.at\/wordpress\/ganzkonkret\/\">Weiterlesen<\/a><\/p>\n","protected":false},"author":1,"featured_media":0,"parent":0,"menu_order":5,"comment_status":"closed","ping_status":"closed","template":"","meta":{"footnotes":""},"class_list":["post-107","page","type-page","status-publish","hentry","nodate","item-wrap"],"_links":{"self":[{"href":"https:\/\/www.kaineder.at\/wordpress\/wp-json\/wp\/v2\/pages\/107","targetHints":{"allow":["GET"]}}],"collection":[{"href":"https:\/\/www.kaineder.at\/wordpress\/wp-json\/wp\/v2\/pages"}],"about":[{"href":"https:\/\/www.kaineder.at\/wordpress\/wp-json\/wp\/v2\/types\/page"}],"author":[{"embeddable":true,"href":"https:\/\/www.kaineder.at\/wordpress\/wp-json\/wp\/v2\/users\/1"}],"replies":[{"embeddable":true,"href":"https:\/\/www.kaineder.at\/wordpress\/wp-json\/wp\/v2\/comments?post=107"}],"version-history":[{"count":102,"href":"https:\/\/www.kaineder.at\/wordpress\/wp-json\/wp\/v2\/pages\/107\/revisions"}],"predecessor-version":[{"id":11541,"href":"https:\/\/www.kaineder.at\/wordpress\/wp-json\/wp\/v2\/pages\/107\/revisions\/11541"}],"wp:attachment":[{"href":"https:\/\/www.kaineder.at\/wordpress\/wp-json\/wp\/v2\/media?parent=107"}],"curies":[{"name":"wp","href":"https:\/\/api.w.org\/{rel}","templated":true}]}}