{"id":2535,"date":"2012-01-19T18:04:21","date_gmt":"2012-01-19T17:04:21","guid":{"rendered":"http:\/\/www.kaineder.at\/wordpress\/?page_id=2535"},"modified":"2026-02-09T06:41:33","modified_gmt":"2026-02-09T05:41:33","slug":"lotsen","status":"publish","type":"page","link":"https:\/\/www.kaineder.at\/wordpress\/lotsen\/","title":{"rendered":"lotsen"},"content":{"rendered":"<p><a href=\"https:\/\/www.kaineder.at\/wordpress\/wp-content\/uploads\/2021\/03\/IMG_9522-scaled.jpg\"><img loading=\"lazy\" decoding=\"async\" class=\"aligncenter size-medium wp-image-9866\" src=\"https:\/\/www.kaineder.at\/wordpress\/wp-content\/uploads\/2021\/03\/IMG_9522-300x225.jpg\" alt=\"Frohe Lebendigkeit ist das Ziel\" width=\"300\" height=\"225\" srcset=\"https:\/\/www.kaineder.at\/wordpress\/wp-content\/uploads\/2021\/03\/IMG_9522-300x225.jpg 300w, https:\/\/www.kaineder.at\/wordpress\/wp-content\/uploads\/2021\/03\/IMG_9522-1024x768.jpg 1024w, https:\/\/www.kaineder.at\/wordpress\/wp-content\/uploads\/2021\/03\/IMG_9522-150x113.jpg 150w, https:\/\/www.kaineder.at\/wordpress\/wp-content\/uploads\/2021\/03\/IMG_9522-768x576.jpg 768w, https:\/\/www.kaineder.at\/wordpress\/wp-content\/uploads\/2021\/03\/IMG_9522-1536x1152.jpg 1536w, https:\/\/www.kaineder.at\/wordpress\/wp-content\/uploads\/2021\/03\/IMG_9522-2048x1536.jpg 2048w, https:\/\/www.kaineder.at\/wordpress\/wp-content\/uploads\/2021\/03\/IMG_9522-750x563.jpg 750w\" sizes=\"auto, (max-width: 300px) 100vw, 300px\" \/><\/a><\/p>\n<p>Lotse sein bedeutet, einen einzelnen Menschen, ein Team oder eine ganze Organisation an einer \u201eEngstelle, einer schwierigen \u00dcbergangsstelle\u201c von au\u00dfen gut zu begleiten. Speziell als Kommunikationslotse\u00a0 kenne ich ungew\u00f6hnliche Gegenden, wei\u00df Fahrrinnen, kenne die T\u00fccken, kann auf schwierigen Pfaden &#8222;guiden&#8220;, um ans Ziel zu gelangen. Und: &#8222;Der Himmel der Visionen und der Boden der Tatsachen bilden den Raum f\u00fcr das Machbare.&#8220; Dazwischen bewegen wir uns.<\/p>\n<p>&nbsp;<\/p>\n","protected":false},"excerpt":{"rendered":"<p>Lotse sein bedeutet, einen einzelnen Menschen, ein Team oder eine ganze Organisation an einer \u201eEngstelle, einer schwierigen \u00dcbergangsstelle\u201c von au\u00dfen gut zu begleiten. Speziell als Kommunikationslotse\u00a0 kenne ich ungew\u00f6hnliche Gegenden, wei\u00df Fahrrinnen, kenne die T\u00fccken, kann auf schwierigen Pfaden &#8222;guiden&#8220;, um ans Ziel zu gelangen. Und: &#8222;Der Himmel der Visionen und der Boden der Tatsachen &hellip; <\/p>\n<p><a class=\"more-link btn\" href=\"https:\/\/www.kaineder.at\/wordpress\/lotsen\/\">Weiterlesen<\/a><\/p>\n","protected":false},"author":1,"featured_media":0,"parent":0,"menu_order":0,"comment_status":"closed","ping_status":"closed","template":"","meta":{"footnotes":""},"class_list":["post-2535","page","type-page","status-publish","hentry","nodate","item-wrap"],"_links":{"self":[{"href":"https:\/\/www.kaineder.at\/wordpress\/wp-json\/wp\/v2\/pages\/2535","targetHints":{"allow":["GET"]}}],"collection":[{"href":"https:\/\/www.kaineder.at\/wordpress\/wp-json\/wp\/v2\/pages"}],"about":[{"href":"https:\/\/www.kaineder.at\/wordpress\/wp-json\/wp\/v2\/types\/page"}],"author":[{"embeddable":true,"href":"https:\/\/www.kaineder.at\/wordpress\/wp-json\/wp\/v2\/users\/1"}],"replies":[{"embeddable":true,"href":"https:\/\/www.kaineder.at\/wordpress\/wp-json\/wp\/v2\/comments?post=2535"}],"version-history":[{"count":119,"href":"https:\/\/www.kaineder.at\/wordpress\/wp-json\/wp\/v2\/pages\/2535\/revisions"}],"predecessor-version":[{"id":11532,"href":"https:\/\/www.kaineder.at\/wordpress\/wp-json\/wp\/v2\/pages\/2535\/revisions\/11532"}],"wp:attachment":[{"href":"https:\/\/www.kaineder.at\/wordpress\/wp-json\/wp\/v2\/media?parent=2535"}],"curies":[{"name":"wp","href":"https:\/\/api.w.org\/{rel}","templated":true}]}}