{"id":362,"date":"2010-02-28T19:40:56","date_gmt":"2010-02-28T18:40:56","guid":{"rendered":"http:\/\/kaineder.wordpress.com\/?page_id=362"},"modified":"2026-04-16T15:15:23","modified_gmt":"2026-04-16T14:15:23","slug":"impulse","status":"publish","type":"page","link":"https:\/\/www.kaineder.at\/wordpress\/impulse\/","title":{"rendered":"impulse geben"},"content":{"rendered":"<p><span style=\"color: #808080;\"><em><a href=\"https:\/\/www.kaineder.at\/wordpress\/wp-content\/uploads\/2022\/11\/2021_marakovits-scaled.jpg\"><img loading=\"lazy\" decoding=\"async\" class=\"aligncenter size-medium wp-image-10771\" src=\"https:\/\/www.kaineder.at\/wordpress\/wp-content\/uploads\/2022\/11\/2021_marakovits-200x300.jpg\" alt=\"\" width=\"200\" height=\"300\" srcset=\"https:\/\/www.kaineder.at\/wordpress\/wp-content\/uploads\/2022\/11\/2021_marakovits-200x300.jpg 200w, https:\/\/www.kaineder.at\/wordpress\/wp-content\/uploads\/2022\/11\/2021_marakovits-683x1024.jpg 683w, https:\/\/www.kaineder.at\/wordpress\/wp-content\/uploads\/2022\/11\/2021_marakovits-100x150.jpg 100w, https:\/\/www.kaineder.at\/wordpress\/wp-content\/uploads\/2022\/11\/2021_marakovits-768x1152.jpg 768w, https:\/\/www.kaineder.at\/wordpress\/wp-content\/uploads\/2022\/11\/2021_marakovits-1024x1536.jpg 1024w, https:\/\/www.kaineder.at\/wordpress\/wp-content\/uploads\/2022\/11\/2021_marakovits-1365x2048.jpg 1365w, https:\/\/www.kaineder.at\/wordpress\/wp-content\/uploads\/2022\/11\/2021_marakovits-750x1125.jpg 750w, https:\/\/www.kaineder.at\/wordpress\/wp-content\/uploads\/2022\/11\/2021_marakovits-scaled.jpg 1706w\" sizes=\"auto, (max-width: 200px) 100vw, 200px\" \/><\/a>Wen k\u00f6nnten wir f\u00fcr einen Vortrag, einen Impuls und einer Diskussion einladen?\u00a0<\/em> <\/span><\/p>\n<p>Der Mensch lebt aus der Erfahrung und der damit verbundenen gemeinsamen Erfahrungswelt. Das f\u00fchrt mich immer wieder hinaus an Orte der besonderen Kommunikation, um meine Erfahrungen zu teilen und mitzuteilen. Ich erlebe bei Vortr\u00e4gen und Diskussionen, dass Impulse ausgehen und angereichert zur\u00fcckkommen. Wenn es sich irgendwie machen l\u00e4sst, komme ich mit \u00f6ffentlichen Verkehrsmittel zu meinen Vortr\u00e4gen und Impulsen.<\/p>\n<h4><strong>Einfach gemeinsam wach leben<\/strong><\/h4>\n<p>Wie kommen wir gemeinsam in einen nachhaltigen Lebensstil? Die Lebenszufriedenheit scheint in diesen Zeiten zu zerrinnen. Was st\u00e4rkt unsere Zuversicht? Was l\u00e4sst Widerstandskraft, Resilienzf\u00e4higkeit, die Hoffnung wachsen? Mit welchen Haltungen, Lebenseinstellungen und welcher Lebenspraxis werden wir die Zukunft meistern? Welche Rahmenbedingungen braucht es von der Politik und Wirtschaft her? M\u00e4chtige Fragen, die Antworten suchen. Ein conviviales Leben gepaart mit einer Art von gl\u00fccklicher Gen\u00fcgsamkeit spielt dabei eine zentrale Rolle.<\/p>\n<h4><strong><span style=\"color: #000000;\">Liberale Demokratie, Medien und FakeNews<\/span><\/strong><\/h4>\n<p>Menschenrechtsbasierte Demokratie lebt vom Bewusstsein der Gleichheit aller Menschen, vom respektvollen Umgang miteinander und dem Schutz von Minderheitne, von der Kontrolle durch unabh\u00e4ngige Medien und Wissenschaft und durch breite Beteiligung der B\u00fcrgerinnen und B\u00fcrger. Gerade religi\u00f6s und spirituell gef\u00e4rbte Sprach- und Symbolbilder, die Ausgrenzung, Gewalt oder und Entmenschlichung zum Ausdruck bringen, werden gezielt f\u00fcr Parteipropaganda verwendet und m\u00fcssen entlarvt werden. Politik darf sich nicht auf der Spaltung aufbauen. Eine liberal verfasste Demokratie aktiv gestalten ist besondere Aufgabe jedes Menschen, besonders von Christinnen und Christen.<\/p>\n<h6 style=\"text-align: center;\"><a href=\"https:\/\/www.kaineder.at\/wordpress\/wp-content\/uploads\/2024\/07\/00016-scaled.jpg\"><img loading=\"lazy\" decoding=\"async\" class=\"aligncenter size-medium wp-image-11238\" src=\"https:\/\/www.kaineder.at\/wordpress\/wp-content\/uploads\/2024\/07\/00016-300x200.jpg\" alt=\"\" width=\"300\" height=\"200\" srcset=\"https:\/\/www.kaineder.at\/wordpress\/wp-content\/uploads\/2024\/07\/00016-300x200.jpg 300w, https:\/\/www.kaineder.at\/wordpress\/wp-content\/uploads\/2024\/07\/00016-1024x683.jpg 1024w, https:\/\/www.kaineder.at\/wordpress\/wp-content\/uploads\/2024\/07\/00016-150x100.jpg 150w, https:\/\/www.kaineder.at\/wordpress\/wp-content\/uploads\/2024\/07\/00016-768x512.jpg 768w, https:\/\/www.kaineder.at\/wordpress\/wp-content\/uploads\/2024\/07\/00016-1536x1024.jpg 1536w, https:\/\/www.kaineder.at\/wordpress\/wp-content\/uploads\/2024\/07\/00016-2048x1365.jpg 2048w, https:\/\/www.kaineder.at\/wordpress\/wp-content\/uploads\/2024\/07\/00016-750x500.jpg 750w\" sizes=\"auto, (max-width: 300px) 100vw, 300px\" \/><\/a><strong>Credit: Wakolbinger<\/strong><\/h6>\n<h4><strong>Wie begeisterte Gemeinschaft geht<\/strong><\/h4>\n<p>Menschen suchen Lebendigkeit. Wo Lebendigkeit ist, da m\u00f6chte ich mit dabei sein. Es gibt sie, die lebendig machenden Dynamiken von Organisationen, Vereinen, Bewegungen, Initiativen und Communities. \u201eMitmachen\u201c, \u201eVernetzen\u201c und \u201eVerstehen\u201c sind dabei zentral und helfen, Lebendigkeit, Zukunft und wesentliche Aspekte von solidarischen und vielf\u00e4ltigen \u201eVergemeinschaftungen\u201c sichtbar zu machen und weiterzuentwickeln. Entlang der Dynamik von Mitte, R\u00e4nder und Zwischenr\u00e4ume werden sieben Kl\u00e4nge angeschlagen, darunter \u201eFreiraum und Begegnung\u201c, \u201eNur Menschen beleben wirksam\u201c oder \u201eWiderstand als besondere Lebensdynamik\u201c. Eine Pr\u00e4sentation von Ideen und Erz\u00e4hlungen zur Ermutigung f\u00fcr alle, denen eine nachhaltige, solidarische und mitweltgerechte Zukunft ein Anliegen ist. <em><br \/>\n<\/em><\/p>\n<div id=\"attachment_8667\" style=\"width: 300px\" class=\"wp-caption aligncenter\"><a href=\"https:\/\/www.kaineder.at\/wordpress\/wp-content\/uploads\/2019\/06\/20151105_0840_700.jpg\"><img loading=\"lazy\" decoding=\"async\" aria-describedby=\"caption-attachment-8667\" class=\"size-medium wp-image-8667\" src=\"https:\/\/www.kaineder.at\/wordpress\/wp-content\/uploads\/2019\/06\/20151105_0840_700-300x197.jpg\" alt=\"\" width=\"300\" height=\"197\" srcset=\"https:\/\/www.kaineder.at\/wordpress\/wp-content\/uploads\/2019\/06\/20151105_0840_700-300x197.jpg 300w, https:\/\/www.kaineder.at\/wordpress\/wp-content\/uploads\/2019\/06\/20151105_0840_700-150x99.jpg 150w, https:\/\/www.kaineder.at\/wordpress\/wp-content\/uploads\/2019\/06\/20151105_0840_700.jpg 700w\" sizes=\"auto, (max-width: 300px) 100vw, 300px\" \/><\/a><p id=\"caption-attachment-8667\" class=\"wp-caption-text\">Credit: Chris Hofer<\/p><\/div>\n<h4><strong>WeitGehen ist heilsam<\/strong><\/h4>\n<p>Erfahrungen aus meinen zahlreichen Projekten wie 28 Tage durch \u00d6sterreich, 52 Tage nach Assisi, 26 Tage am Gr\u00fcnen Band nach Th\u00fcringen, 21 Tage als Klimapilger von Wien nach Salzburg oder 21 Tage am Benediktweg contrario nach Assisi. Was Gehen auf der k\u00f6rperlichen, mentalen und spirituellen Ebene bewirken kann, wird erz\u00e4hlt. Fremdes bereichert, Beziehung heilt und Gemeinschaft h\u00e4lt. <em><br \/>\n<\/em><\/p>\n<p><a href=\"https:\/\/www.kaineder.at\/wordpress\/wp-content\/uploads\/2021\/03\/20170801_5vor12_FremdesBereichert_MagdalenaSchauer-17-scaled.jpg\"><img loading=\"lazy\" decoding=\"async\" class=\"aligncenter size-medium wp-image-9904\" src=\"https:\/\/www.kaineder.at\/wordpress\/wp-content\/uploads\/2021\/03\/20170801_5vor12_FremdesBereichert_MagdalenaSchauer-17-300x200.jpg\" alt=\"Politik in Propagandazeiten\" width=\"300\" height=\"200\" srcset=\"https:\/\/www.kaineder.at\/wordpress\/wp-content\/uploads\/2021\/03\/20170801_5vor12_FremdesBereichert_MagdalenaSchauer-17-300x200.jpg 300w, https:\/\/www.kaineder.at\/wordpress\/wp-content\/uploads\/2021\/03\/20170801_5vor12_FremdesBereichert_MagdalenaSchauer-17-1024x683.jpg 1024w, https:\/\/www.kaineder.at\/wordpress\/wp-content\/uploads\/2021\/03\/20170801_5vor12_FremdesBereichert_MagdalenaSchauer-17-150x100.jpg 150w, https:\/\/www.kaineder.at\/wordpress\/wp-content\/uploads\/2021\/03\/20170801_5vor12_FremdesBereichert_MagdalenaSchauer-17-768x512.jpg 768w, https:\/\/www.kaineder.at\/wordpress\/wp-content\/uploads\/2021\/03\/20170801_5vor12_FremdesBereichert_MagdalenaSchauer-17-1536x1024.jpg 1536w, https:\/\/www.kaineder.at\/wordpress\/wp-content\/uploads\/2021\/03\/20170801_5vor12_FremdesBereichert_MagdalenaSchauer-17-2048x1365.jpg 2048w, https:\/\/www.kaineder.at\/wordpress\/wp-content\/uploads\/2021\/03\/20170801_5vor12_FremdesBereichert_MagdalenaSchauer-17-750x500.jpg 750w\" sizes=\"auto, (max-width: 300px) 100vw, 300px\" \/><\/a><a href=\"https:\/\/www.kaineder.at\/wordpress\/kontakt-2\/\" target=\"_blank\" rel=\"noopener\"><span style=\"color: #ff6600;\">Contact me!<\/span><\/a><\/p>\n","protected":false},"excerpt":{"rendered":"<p>Wen k\u00f6nnten wir f\u00fcr einen Vortrag, einen Impuls und einer Diskussion einladen?\u00a0 Der Mensch lebt aus der Erfahrung und der damit verbundenen gemeinsamen Erfahrungswelt. Das f\u00fchrt mich immer wieder hinaus an Orte der besonderen Kommunikation, um meine Erfahrungen zu teilen und mitzuteilen. Ich erlebe bei Vortr\u00e4gen und Diskussionen, dass Impulse ausgehen und angereichert zur\u00fcckkommen. Wenn &hellip; <\/p>\n<p><a class=\"more-link btn\" href=\"https:\/\/www.kaineder.at\/wordpress\/impulse\/\">Weiterlesen<\/a><\/p>\n","protected":false},"author":1,"featured_media":0,"parent":0,"menu_order":1,"comment_status":"closed","ping_status":"closed","template":"","meta":{"footnotes":""},"class_list":["post-362","page","type-page","status-publish","hentry","nodate","item-wrap"],"_links":{"self":[{"href":"https:\/\/www.kaineder.at\/wordpress\/wp-json\/wp\/v2\/pages\/362","targetHints":{"allow":["GET"]}}],"collection":[{"href":"https:\/\/www.kaineder.at\/wordpress\/wp-json\/wp\/v2\/pages"}],"about":[{"href":"https:\/\/www.kaineder.at\/wordpress\/wp-json\/wp\/v2\/types\/page"}],"author":[{"embeddable":true,"href":"https:\/\/www.kaineder.at\/wordpress\/wp-json\/wp\/v2\/users\/1"}],"replies":[{"embeddable":true,"href":"https:\/\/www.kaineder.at\/wordpress\/wp-json\/wp\/v2\/comments?post=362"}],"version-history":[{"count":93,"href":"https:\/\/www.kaineder.at\/wordpress\/wp-json\/wp\/v2\/pages\/362\/revisions"}],"predecessor-version":[{"id":11601,"href":"https:\/\/www.kaineder.at\/wordpress\/wp-json\/wp\/v2\/pages\/362\/revisions\/11601"}],"wp:attachment":[{"href":"https:\/\/www.kaineder.at\/wordpress\/wp-json\/wp\/v2\/media?parent=362"}],"curies":[{"name":"wp","href":"https:\/\/api.w.org\/{rel}","templated":true}]}}