{"id":8405,"date":"2019-06-18T04:51:26","date_gmt":"2019-06-18T03:51:26","guid":{"rendered":"https:\/\/www.kaineder.at\/wordpress\/?page_id=8405"},"modified":"2026-04-16T15:16:59","modified_gmt":"2026-04-16T14:16:59","slug":"impressum","status":"publish","type":"page","link":"https:\/\/www.kaineder.at\/wordpress\/impressum\/","title":{"rendered":"Impressum"},"content":{"rendered":"<h3><span style=\"color: #ff6600;\"><strong>Blog von Ferdinand KAINEDER<\/strong><\/span><\/h3>\n<p><em>F\u00fcr den Inhalt verantwortlich:<br \/>\n<strong>Mag. Ferdinand Kaineder<\/strong><\/em><br \/>\n<strong><em>A-4100 Ottensheim, Innerer Graben\u00a0\u00a0<\/em><\/strong><br \/>\n<em>ferdinand@kaineder.at<\/em><br \/>\n<em>www.kaineder.at <\/em><\/p>\n<p><em>Entwicklung und Realisierung: <a href=\"https:\/\/www.dabatec.com\" target=\"_blank\" rel=\"noopener noreferrer\">dabatec-Datenbanktechnik<\/a><\/em><\/p>\n<p>Inhalt:<br \/>\n<em>&#8222;Mit diesem Blog werde ich das Zeitgeschehen aus Nah und Fern aus dem Blickwinkel eines Theologen, Medienexperten, Coach und Kommunikationslotsen beleuchten. Local Detective macht das alles noch spannender. Nat\u00fcrlich wird der Blick auf die neuen Medien und den damit verbundenen M\u00f6glichkeiten nicht fehlen. Der besondere Fokus wird auf O\u00d6 fallen und der Blickwinkel Wien wird nicht zu kurz kommen.&#8220; (Erster Blogeintrag am 3. Nov 2009)<\/em><\/p>\n<p>Hinweise zu Google Analytics: Diese Website benutzt Google Analytics. Google Analytics verwendet sog. &#8222;Cookies&#8220;, Textdateien, die auf Ihrem Computer gespeichert werden und die eine Analyse der Benutzung der Website durch Sie erm\u00f6glicht. Die durch den Cookie erzeugten Informationen \u00fcber Ihre Benutzung diese Website (einschlie\u00dflich Ihrer IP-Adresse) wird an einen Server von Google in den USA \u00fcbertragen und dort gespeichert.<br \/>\nGoogle wird diese Informationen benutzen, um Ihre Nutzung der Website auszuwerten, um Reports \u00fcber die Websiteaktivit\u00e4ten f\u00fcr die Websitebetreiber zusammenzustellen und um weitere mit der Websitenutzung und der Internetnutzung verbundene Dienstleistungen zu erbringen. Auch wird Google diese Informationen gegebenenfalls an Dritte \u00fcbertragen, sofern dies gesetzlich vorgeschrieben oder soweit Dritte diese Daten im Auftrag von Google verarbeiten. Google wird in keinem Fall Ihre IP-Adresse mit anderen Daten der Google in Verbindung bringen.<br \/>\nSie k\u00f6nnen die Installation der Cookies durch eine entsprechende Einstellung Ihrer Browser Software verhindern; wir weisen Sie jedoch darauf hin, dass Sie in diesem Fall gegebenenfalls nicht s\u00e4mtliche Funktionen dieser Website voll umf\u00e4nglich nutzen k\u00f6nnen. Durch die Nutzung dieser Website erkl\u00e4ren Sie sich mit der Bearbeitung der \u00fcber Sie erhobenen Daten durch Google in der zuvor beschriebenen Art und Weise und zu dem zuvor benannten Zweck einverstanden.<\/p>\n<p>&nbsp;<\/p>\n","protected":false},"excerpt":{"rendered":"<p>Blog von Ferdinand KAINEDER F\u00fcr den Inhalt verantwortlich: Mag. Ferdinand Kaineder A-4100 Ottensheim, Innerer Graben\u00a0\u00a0 ferdinand@kaineder.at www.kaineder.at Entwicklung und Realisierung: dabatec-Datenbanktechnik Inhalt: &#8222;Mit diesem Blog werde ich das Zeitgeschehen aus Nah und Fern aus dem Blickwinkel eines Theologen, Medienexperten, Coach und Kommunikationslotsen beleuchten. Local Detective macht das alles noch spannender. Nat\u00fcrlich wird der Blick auf &hellip; <\/p>\n<p><a class=\"more-link btn\" href=\"https:\/\/www.kaineder.at\/wordpress\/impressum\/\">Weiterlesen<\/a><\/p>\n","protected":false},"author":1,"featured_media":0,"parent":0,"menu_order":0,"comment_status":"closed","ping_status":"closed","template":"","meta":{"footnotes":""},"class_list":["post-8405","page","type-page","status-publish","hentry","nodate","item-wrap"],"_links":{"self":[{"href":"https:\/\/www.kaineder.at\/wordpress\/wp-json\/wp\/v2\/pages\/8405","targetHints":{"allow":["GET"]}}],"collection":[{"href":"https:\/\/www.kaineder.at\/wordpress\/wp-json\/wp\/v2\/pages"}],"about":[{"href":"https:\/\/www.kaineder.at\/wordpress\/wp-json\/wp\/v2\/types\/page"}],"author":[{"embeddable":true,"href":"https:\/\/www.kaineder.at\/wordpress\/wp-json\/wp\/v2\/users\/1"}],"replies":[{"embeddable":true,"href":"https:\/\/www.kaineder.at\/wordpress\/wp-json\/wp\/v2\/comments?post=8405"}],"version-history":[{"count":18,"href":"https:\/\/www.kaineder.at\/wordpress\/wp-json\/wp\/v2\/pages\/8405\/revisions"}],"predecessor-version":[{"id":11603,"href":"https:\/\/www.kaineder.at\/wordpress\/wp-json\/wp\/v2\/pages\/8405\/revisions\/11603"}],"wp:attachment":[{"href":"https:\/\/www.kaineder.at\/wordpress\/wp-json\/wp\/v2\/media?parent=8405"}],"curies":[{"name":"wp","href":"https:\/\/api.w.org\/{rel}","templated":true}]}}