{"id":8704,"date":"2019-11-04T11:20:00","date_gmt":"2019-11-04T10:20:00","guid":{"rendered":"https:\/\/www.kaineder.at\/wordpress\/?page_id=8704"},"modified":"2026-04-16T15:23:31","modified_gmt":"2026-04-16T14:23:31","slug":"about-me","status":"publish","type":"page","link":"https:\/\/www.kaineder.at\/wordpress\/about-me\/","title":{"rendered":"about me"},"content":{"rendered":"<div id=\"attachment_9444\" style=\"width: 300px\" class=\"wp-caption aligncenter\"><a href=\"https:\/\/www.kaineder.at\/wordpress\/wp-content\/uploads\/2020\/09\/20200910_Buchpraes_fk_c_schauer-burkart-11_2500.jpg\"><img loading=\"lazy\" decoding=\"async\" aria-describedby=\"caption-attachment-9444\" class=\"size-medium wp-image-9444\" src=\"https:\/\/www.kaineder.at\/wordpress\/wp-content\/uploads\/2020\/09\/20200910_Buchpraes_fk_c_schauer-burkart-11_2500-300x200.jpg\" alt=\"Buchpr\u00e4sentation in Wien\" width=\"300\" height=\"200\" srcset=\"https:\/\/www.kaineder.at\/wordpress\/wp-content\/uploads\/2020\/09\/20200910_Buchpraes_fk_c_schauer-burkart-11_2500-300x200.jpg 300w, https:\/\/www.kaineder.at\/wordpress\/wp-content\/uploads\/2020\/09\/20200910_Buchpraes_fk_c_schauer-burkart-11_2500-1024x683.jpg 1024w, https:\/\/www.kaineder.at\/wordpress\/wp-content\/uploads\/2020\/09\/20200910_Buchpraes_fk_c_schauer-burkart-11_2500-150x100.jpg 150w, https:\/\/www.kaineder.at\/wordpress\/wp-content\/uploads\/2020\/09\/20200910_Buchpraes_fk_c_schauer-burkart-11_2500-768x512.jpg 768w, https:\/\/www.kaineder.at\/wordpress\/wp-content\/uploads\/2020\/09\/20200910_Buchpraes_fk_c_schauer-burkart-11_2500-1536x1024.jpg 1536w, https:\/\/www.kaineder.at\/wordpress\/wp-content\/uploads\/2020\/09\/20200910_Buchpraes_fk_c_schauer-burkart-11_2500-2048x1365.jpg 2048w, https:\/\/www.kaineder.at\/wordpress\/wp-content\/uploads\/2020\/09\/20200910_Buchpraes_fk_c_schauer-burkart-11_2500-750x500.jpg 750w\" sizes=\"auto, (max-width: 300px) 100vw, 300px\" \/><\/a><p id=\"caption-attachment-9444\" class=\"wp-caption-text\">Credti: Magdalena Schauer<\/p><\/div>\n<h3>Sch\u00f6n, dass Sie da sind.<\/h3>\n<p>Schon seit vielen Jahren war und bin ich als Kommunikationslotse, Medienexperte, Coach, Autor und Theologe in verschiedensten Bereichen t\u00e4tig. Durch mein Pilgern und Weitgehen kommen besondere Lebenserfahrungen dazu. Die gehende Bewegung wurde so zum Lebensparadigma. Erfahrungen entlang von Gelingen und Scheitern\u00a0 und daraus erwachsene Expertise haben sich angesammelt.<\/p>\n<h3>Vita<\/h3>\n<p>&#8222;Ferdinand Kaineder (*1957) war Erzieher, hat mit Obdachlosen gearbeitet,\u00a0 weiters als Pastoralassistent, als Ausbildungsleiter, als Kommunikationsleiter und Internetbeauftragter in der <a href=\"https:\/\/www.dioezese-linz.at\/\" target=\"_blank\" rel=\"noopener\">Di\u00f6zese Linz<\/a>. Er ist ausgebildeter Coach und PR-Berater und hat als Leiter des Medienb\u00fcros den Erneuerungsweg der <a href=\"https:\/\/ordensgemeinschaften.at\/\" target=\"_blank\" rel=\"noopener\">Ordensgemeinschaften \u00d6sterreich<\/a> von 2012 bis 2019 wesentlich mitgepr\u00e4gt. Er versteht sich als Kommunikationslotse, Medienexperte, Coach, Theologe und <a href=\"https:\/\/www.kaineder.at\/wordpress\/das-anpacken-buch-bestellen\/\" target=\"_blank\" rel=\"noopener\">Autor<\/a>. Seine Leidenschaft ist das Weit-Gehen und das \u00f6kologisch-nachhaltige Reisen mit <a href=\"https:\/\/www.weltanschauen.at\/\" target=\"_blank\" rel=\"noopener\">Weltanschauen<\/a>.\u00a0 Seit September 2021 ist Ferdinand Kaineder Pr\u00e4sident der <a href=\"https:\/\/www.kaoe.at\/\" target=\"_blank\" rel=\"noopener\">Katholischen Aktion \u00d6sterreich<\/a>. Er ist verheiratet, hat drei Kinder und drei Enkelkinder.&#8220;<\/p>\n<p><em>Hier geht es zum<a href=\"https:\/\/www.kaineder.at\/wordpress\/lebenslauf-ferdinand-kaineder\/\" target=\"_blank\" rel=\"noopener noreferrer\"> ausf\u00fchrlicheren Lebenslauf<\/a>.<\/em><\/p>\n<p>Hier der <a href=\"https:\/\/de.wikipedia.org\/wiki\/Ferdinand_Kaineder\" target=\"_blank\" rel=\"noopener\">Beitrag auf Wikipedia.<\/a><\/p>\n<p>Und das schreibt KI als ersten Satz \u00fcber mich:<\/p>\n<p data-path-to-node=\"0\"><em>&#8222;Ferdinand Kaineder ist ein bekannter \u00f6sterreichischer Theologe, Kommunikationsexperte, Autor und Coach. Er ist eine prominente Stimme im Bereich der katholischen Kirche und der Zivilgesellschaft in \u00d6sterreich.&#8220;<\/em><\/p>\n<p>Einige Feedbacks:<\/p>\n<ul>\n<li><em> &#8222;Ich war sehr froh, dass ich dabei sein konnte, denn dieser Tag war wirklich ein Erlebnis. Deine Impulse haben etwas mit mir gemacht und ich bin schon sehr neugierig, wie sich das auswirken wird. Momentan ist noch alles im Wachsen und Werden. Dein Buch wird mich dabei ein wenig st\u00fctzen und begleiten. (P.P. in einem Email)<\/em><\/li>\n<li><em>&#8222;Eine gro\u00dfe Freude, Sie pers\u00f6nlich kennenlernen zu d\u00fcrfen. Das Gespr\u00e4ch hat uns in der Sache wesentlich weitergeholfen. Besten Dank nochmals. Das sind enorm wertvolle Perspektiven.&#8220; (A. S. in einer Email)<\/em><\/li>\n<li><em>&#8222;Und Gratulation zu &#8222;deiner KOMMUNIKATION&#8220;! Die ist absolut professionell und wurde in ihrer Qualit\u00e4t schon<\/em><br \/>\n<em>sehr lange von mir nicht mehr erlebt.&#8220; (F. F. in einer Email)<\/em><\/li>\n<li><em>&#8222;Ferdinand ist ein gro\u00dfartiger Reisecoach. Seine Kompetenz, sein Wissen, sein <\/em><em>Humor, sein gro\u00dfes Interesse an allem und jedem und seine F\u00fcrsorglichkeit <\/em><em>sind bereichernd.&#8220;<\/em> (M.W. in einem Feedback auf eine Intensivzeit)<\/li>\n<li><em>&#8222;\u00dcberhaupt sag ich noch einmal &#8222;DANKE&#8220; f\u00fcr den Vormittag heute! Ich hab das Gef\u00fchl, du hast uns einerseits Samen in die Hand gegeben, die wir \u00fcber einen l\u00e4ngeren Zeitraum zum Wachsen bringen k\u00f6nnen, aber auch ganz konkrete Tipps, die wir gleich umsetzen k\u00f6nnen! Wir haben selten solch fruchtbare Seminare, aus denen alle so motiviert herausgehen.&#8220; (M.M im Email)<\/em><\/li>\n<li>&#8222;<em>M\u00f6chte dir eine Resonanz zur gemeinsamen Zeit geben. Ich habe den Vormittag genossen \u2013 ja mehr: ich war\/wurde ber\u00fchrt durch deine Erfahrungen, die du in unseren Raum gebracht hast. Ich bin auch eine leidenschaftliche Geherin. Etliche Erfahrungen, die du angesprochen hast, kenne ich. Es war sehr fein, diesen Strom zu sp\u00fcren und dazu deine Impulse zu bekommen. Mich hat deine Offenheit und Authentizit\u00e4t beeindruckt! Und vor allem deine Freigebigkeit: Dieses kostbare Geschenk, dass wir uns deine Texte und Bilder downloaden k\u00f6nnen!!! Ich danke dir f\u00fcr diesen Vormittag.<\/em>&#8222;<\/li>\n<li><em>&#8222;Lieber Ferdinand, das mit dem Protokoll ist ja schnell gegangen! Vielen Dank! Ich habe mich gefreut, Dich einmal \u201ein Aktion\u201c zu sehen. Was kann man sich mehr von einem Moderator w\u00fcnschen, als dass er dieses Gesch\u00e4ft nicht nur beherrscht, sondern auch von der Sache wirklich etwas versteht&#8230;.&#8220; (P. P.)<\/em><\/li>\n<\/ul>\n","protected":false},"excerpt":{"rendered":"<p>Sch\u00f6n, dass Sie da sind. Schon seit vielen Jahren war und bin ich als Kommunikationslotse, Medienexperte, Coach, Autor und Theologe in verschiedensten Bereichen t\u00e4tig. Durch mein Pilgern und Weitgehen kommen besondere Lebenserfahrungen dazu. Die gehende Bewegung wurde so zum Lebensparadigma. Erfahrungen entlang von Gelingen und Scheitern\u00a0 und daraus erwachsene Expertise haben sich angesammelt. Vita &#8222;Ferdinand &hellip; <\/p>\n<p><a class=\"more-link btn\" href=\"https:\/\/www.kaineder.at\/wordpress\/about-me\/\">Weiterlesen<\/a><\/p>\n","protected":false},"author":1,"featured_media":0,"parent":0,"menu_order":1,"comment_status":"closed","ping_status":"closed","template":"","meta":{"footnotes":""},"class_list":["post-8704","page","type-page","status-publish","hentry","nodate","item-wrap"],"_links":{"self":[{"href":"https:\/\/www.kaineder.at\/wordpress\/wp-json\/wp\/v2\/pages\/8704","targetHints":{"allow":["GET"]}}],"collection":[{"href":"https:\/\/www.kaineder.at\/wordpress\/wp-json\/wp\/v2\/pages"}],"about":[{"href":"https:\/\/www.kaineder.at\/wordpress\/wp-json\/wp\/v2\/types\/page"}],"author":[{"embeddable":true,"href":"https:\/\/www.kaineder.at\/wordpress\/wp-json\/wp\/v2\/users\/1"}],"replies":[{"embeddable":true,"href":"https:\/\/www.kaineder.at\/wordpress\/wp-json\/wp\/v2\/comments?post=8704"}],"version-history":[{"count":49,"href":"https:\/\/www.kaineder.at\/wordpress\/wp-json\/wp\/v2\/pages\/8704\/revisions"}],"predecessor-version":[{"id":11604,"href":"https:\/\/www.kaineder.at\/wordpress\/wp-json\/wp\/v2\/pages\/8704\/revisions\/11604"}],"wp:attachment":[{"href":"https:\/\/www.kaineder.at\/wordpress\/wp-json\/wp\/v2\/media?parent=8704"}],"curies":[{"name":"wp","href":"https:\/\/api.w.org\/{rel}","templated":true}]}}