{"id":966,"date":"2010-10-20T15:33:50","date_gmt":"2010-10-20T14:33:50","guid":{"rendered":"http:\/\/kaineder.wordpress.com\/"},"modified":"2026-04-16T15:24:51","modified_gmt":"2026-04-16T14:24:51","slug":"coachen","status":"publish","type":"page","link":"https:\/\/www.kaineder.at\/wordpress\/coachen\/","title":{"rendered":"coachen"},"content":{"rendered":"<p><a href=\"https:\/\/www.kaineder.at\/wordpress\/wp-content\/uploads\/2021\/01\/IMG_E7963-scaled.jpg\"><img loading=\"lazy\" decoding=\"async\" class=\"aligncenter size-medium wp-image-9779\" src=\"https:\/\/www.kaineder.at\/wordpress\/wp-content\/uploads\/2021\/01\/IMG_E7963-300x300.jpg\" alt=\"\" width=\"300\" height=\"300\" srcset=\"https:\/\/www.kaineder.at\/wordpress\/wp-content\/uploads\/2021\/01\/IMG_E7963-300x300.jpg 300w, https:\/\/www.kaineder.at\/wordpress\/wp-content\/uploads\/2021\/01\/IMG_E7963-1024x1024.jpg 1024w, https:\/\/www.kaineder.at\/wordpress\/wp-content\/uploads\/2021\/01\/IMG_E7963-150x150.jpg 150w, https:\/\/www.kaineder.at\/wordpress\/wp-content\/uploads\/2021\/01\/IMG_E7963-768x768.jpg 768w, https:\/\/www.kaineder.at\/wordpress\/wp-content\/uploads\/2021\/01\/IMG_E7963-1536x1536.jpg 1536w, https:\/\/www.kaineder.at\/wordpress\/wp-content\/uploads\/2021\/01\/IMG_E7963-2048x2048.jpg 2048w, https:\/\/www.kaineder.at\/wordpress\/wp-content\/uploads\/2021\/01\/IMG_E7963-144x144.jpg 144w, https:\/\/www.kaineder.at\/wordpress\/wp-content\/uploads\/2021\/01\/IMG_E7963-750x750.jpg 750w\" sizes=\"auto, (max-width: 300px) 100vw, 300px\" \/><\/a><\/p>\n<p>Mit ganzheitlichen Augen betrachtet hei\u00dft Coaching, m\u00f6glichst alle pers\u00f6nlichen Aspekte eines Menschen, eines Teams oder einer Organisation einzubeziehen. Bewegung und Tun offenbaren die Gegenden des Stillstandes oder die Fallen von Macht und Status. Autorit\u00e4t kommt zu zwei Drittel von der Person und nur zu einem Zehntel aus der Rolle, der Zust\u00e4ndigkeit, dem Amt. Es geht darum, die pers\u00f6nlichen M\u00f6glichkeiten zu erkennen und mit den Perspektiven und Handlungsm\u00f6glichkeiten zu verkn\u00fcpfen. Synaptisch und elliptisch denken ist der L\u00f6sungsansatz, f\u00fcr fast alles. Es geht darum,\u00a0 das &#8222;Eigene zu entwickeln und in Gang zu bringen&#8220;. Die Arbeitsmethode entspringt der Situation.<\/p>\n<p>Ein Feedback: &#8222;<em>Vielen, vielen Dank \u2013 auch f\u00fcr den so ertragreichen Nachmittag gestern. Wir sind wieder einen gro\u00dfen Schritt weitergekommen<\/em>!&#8220; (J. E.)<\/p>\n","protected":false},"excerpt":{"rendered":"<p>Mit ganzheitlichen Augen betrachtet hei\u00dft Coaching, m\u00f6glichst alle pers\u00f6nlichen Aspekte eines Menschen, eines Teams oder einer Organisation einzubeziehen. Bewegung und Tun offenbaren die Gegenden des Stillstandes oder die Fallen von Macht und Status. Autorit\u00e4t kommt zu zwei Drittel von der Person und nur zu einem Zehntel aus der Rolle, der Zust\u00e4ndigkeit, dem Amt. Es geht &hellip; <\/p>\n<p><a class=\"more-link btn\" href=\"https:\/\/www.kaineder.at\/wordpress\/coachen\/\">Weiterlesen<\/a><\/p>\n","protected":false},"author":1,"featured_media":0,"parent":0,"menu_order":3,"comment_status":"closed","ping_status":"closed","template":"","meta":{"footnotes":""},"class_list":["post-966","page","type-page","status-publish","hentry","nodate","item-wrap"],"_links":{"self":[{"href":"https:\/\/www.kaineder.at\/wordpress\/wp-json\/wp\/v2\/pages\/966","targetHints":{"allow":["GET"]}}],"collection":[{"href":"https:\/\/www.kaineder.at\/wordpress\/wp-json\/wp\/v2\/pages"}],"about":[{"href":"https:\/\/www.kaineder.at\/wordpress\/wp-json\/wp\/v2\/types\/page"}],"author":[{"embeddable":true,"href":"https:\/\/www.kaineder.at\/wordpress\/wp-json\/wp\/v2\/users\/1"}],"replies":[{"embeddable":true,"href":"https:\/\/www.kaineder.at\/wordpress\/wp-json\/wp\/v2\/comments?post=966"}],"version-history":[{"count":39,"href":"https:\/\/www.kaineder.at\/wordpress\/wp-json\/wp\/v2\/pages\/966\/revisions"}],"predecessor-version":[{"id":11606,"href":"https:\/\/www.kaineder.at\/wordpress\/wp-json\/wp\/v2\/pages\/966\/revisions\/11606"}],"wp:attachment":[{"href":"https:\/\/www.kaineder.at\/wordpress\/wp-json\/wp\/v2\/media?parent=966"}],"curies":[{"name":"wp","href":"https:\/\/api.w.org\/{rel}","templated":true}]}}